{"id":30,"date":"2019-05-31T15:20:14","date_gmt":"2019-05-31T13:20:14","guid":{"rendered":"http:\/\/vonvietinghoff-film.de\/?page_id=30"},"modified":"2019-06-05T18:42:24","modified_gmt":"2019-06-05T16:42:24","slug":"encounters","status":"publish","type":"page","link":"http:\/\/vonvietinghoff-film.de\/en\/encounters\/","title":{"rendered":"Encounters"},"content":{"rendered":"<p>[EN] \u201eDer Unterschied zwischen einem guten und einem mittelm\u00e4\u00dfigen Drehbuch ist der gleiche wie zwischen Licht und Gl\u00fchbirne. Ich und meine Kollegen haben Joachim stets Gl\u00fchbirnen \u00fcbergeben, und er mit seinem Enthusiasmus machte aus ihnen Licht.\u201c<\/p>\n<div class=\"red-block\">\n<p>Antonio Sk\u00e1rmeta<\/p>\n<\/div>\n<p>\u201eEr hat Witz, Charme, Intelligenz, Lebensfreude, Scharfsinn und Leidenschaft \u2013 kurz, ich h\u00e4tte mit so einem Produzenten die Welt erobern m\u00f6gen.\u201c<\/p>\n<div class=\"red-block\">\n<p>Helma Sanders-Brahms<\/p>\n<\/div>\n<p>\u201eWo liegt sein Geheimnis? Ist es seine noble Art? Ist es seine Begeisterungsf\u00e4higkeit? Seine Liebe, seine Hingabe f\u00fcr seine Projekte? Seine \u00b4Unf\u00e4higkeit\u00b4, Produktionen zur Gewinnmaximierung auszuquetschen? Seine gesch\u00e4ftliche Fairness? &#8211; Ein rara avis (seltener Vogel) in dieser Mediengesellschaft, ein ganz seltenes Exemplar.\u201c<\/p>\n<div class=\"red-block\">\n<p>Christoph Holch<\/p>\n<\/div>\n<p>\u201eWenn man will, hat er Rat und Meinung, kompetent und hilfreich, aber er dr\u00e4ngt sie nicht auf. Und er hat einen gutes Stil, der ihn deutlich von seinen Kollegen unterscheidet und der, f\u00fcrchte ich, unnachahmlich ist.\u201c<\/p>\n<p>\u201eJoachim von Vietinghoff hat eine herausragende Tugend, die ihn zu einem gro\u00dfen Produzenten macht. Er gibt Freiheit.\u201c<\/p>\n<p>\u201eDas Verh\u00e4ltnis zwischen Regisseur und Produzent \u00e4hnelt einer Ehe. (&#8230;)<br \/>\nAm Ende eines Films, wie am Ende einer Ehe, sind alle Beteiligten froh, wenn man ohne gr\u00f6\u00dfere Sch\u00e4den irgendwie \u00fcberlebt hat, und man schw\u00f6rt sich vor allem eins: Nie wieder!<br \/>\nIch habe mit Jochen vier Filme gemacht und gestehe: Ich w\u00fcrde es immer wieder tun.\u201c<\/p>\n<div class=\"red-block\">\n<p>Heiko Schier<\/p>\n<\/div>\n<p>\u201eDer Mann hat einfach ganzj\u00e4hrig Freude, Freunde, Filme und Familie. Wieviele Produzenten k\u00f6nnen das von sich behaupten.\u201c<\/p>\n<div class=\"red-block\">\n<p>Reinhard M\u00fcnster<\/p>\n<\/div>\n<p>\u201eAngermeyer hat mir beigebracht, wie man mit diesen Leuten, in der verr\u00fcckten Szene, dieser wahnwitzigen Mischung von Individuen und Spezialisten, einer Verr\u00fcckter als der andere, wo man auch mal ausrastet, wie man mit diesen Leuten umgeht, denn sie sind K\u00fcnstler. Mit Stil eben.\u201c<\/p>\n<div class=\"red-block\">\n<p>Von Vietinghoff<\/p>\n<\/div>\n<p><img loading=\"lazy\" decoding=\"async\" class=\"wp-image-110 size-full alignnone\" src=\"http:\/\/vonvietinghoff-film.de\/wp-content\/uploads\/2019\/06\/JvV_Handschrift_02.png\" alt=\"\" width=\"468\" height=\"258\" \/><\/p>\n<div class=\"red-block\">\n<p>J\u00fcrgen Schau<\/p>\n<\/div>\n","protected":false},"excerpt":{"rendered":"<p>[EN] \u201eDer Unterschied zwischen einem guten und einem mittelm\u00e4\u00dfigen Drehbuch ist der gleiche wie zwischen Licht und Gl\u00fchbirne. Ich und meine Kollegen haben Joachim stets Gl\u00fchbirnen \u00fcbergeben, und er mit seinem Enthusiasmus machte aus ihnen Licht.\u201c Antonio Sk\u00e1rmeta \u201eEr hat Witz, Charme, Intelligenz, Lebensfreude, Scharfsinn und Leidenschaft \u2013 kurz, ich h\u00e4tte mit so einem Produzenten &hellip; <a href=\"http:\/\/vonvietinghoff-film.de\/en\/encounters\/\" class=\"more-link\"><span class=\"screen-reader-text\">\u201eEncounters\u201c<\/span> weiterlesen<\/a><\/p>\n","protected":false},"author":1,"featured_media":0,"parent":0,"menu_order":0,"comment_status":"closed","ping_status":"closed","template":"","meta":{"_acf_changed":false,"footnotes":""},"acf":[],"_links":{"self":[{"href":"http:\/\/vonvietinghoff-film.de\/en\/wp-json\/wp\/v2\/pages\/30"}],"collection":[{"href":"http:\/\/vonvietinghoff-film.de\/en\/wp-json\/wp\/v2\/pages"}],"about":[{"href":"http:\/\/vonvietinghoff-film.de\/en\/wp-json\/wp\/v2\/types\/page"}],"author":[{"embeddable":true,"href":"http:\/\/vonvietinghoff-film.de\/en\/wp-json\/wp\/v2\/users\/1"}],"replies":[{"embeddable":true,"href":"http:\/\/vonvietinghoff-film.de\/en\/wp-json\/wp\/v2\/comments?post=30"}],"version-history":[{"count":0,"href":"http:\/\/vonvietinghoff-film.de\/en\/wp-json\/wp\/v2\/pages\/30\/revisions"}],"wp:attachment":[{"href":"http:\/\/vonvietinghoff-film.de\/en\/wp-json\/wp\/v2\/media?parent=30"}],"curies":[{"name":"wp","href":"https:\/\/api.w.org\/{rel}","templated":true}]}}